{"id":1318,"date":"2021-11-21T15:14:19","date_gmt":"2021-11-21T15:14:19","guid":{"rendered":"https:\/\/www.activegeiranger.no\/about\/"},"modified":"2025-06-15T13:49:48","modified_gmt":"2025-06-15T13:49:48","slug":"om-oss","status":"publish","type":"page","link":"https:\/\/www.activegeiranger.no\/en\/about-us\/","title":{"rendered":"About us"},"content":{"rendered":"<div data-elementor-type=\"wp-page\" data-elementor-id=\"1318\" class=\"elementor elementor-1318\" data-elementor-post-type=\"page\">\n\t\t\t\t<div class=\"elementor-element elementor-element-b485c57 e-flex e-con-boxed e-con e-parent\" data-id=\"b485c57\" data-element_type=\"container\" data-e-type=\"container\" data-settings=\"{&quot;background_background&quot;:&quot;classic&quot;}\">\n\t\t\t\t\t<div class=\"e-con-inner\">\n\t\t\t\t<div class=\"elementor-element elementor-element-582eb7b elementor-invisible elementor-widget elementor-widget-heading\" data-id=\"582eb7b\" data-element_type=\"widget\" data-e-type=\"widget\" data-settings=\"{&quot;_animation&quot;:&quot;fadeIn&quot;}\" data-widget_type=\"heading.default\">\n\t\t\t\t<div class=\"elementor-widget-container\">\n\t\t\t\t\t<h1 class=\"elementor-heading-title elementor-size-default\">About us<\/h1>\t\t\t\t<\/div>\n\t\t\t\t<\/div>\n\t\t\t\t\t<\/div>\n\t\t\t\t<\/div>\n\t\t<div class=\"elementor-element elementor-element-22825f3 e-flex e-con-boxed e-con e-parent\" data-id=\"22825f3\" data-element_type=\"container\" data-e-type=\"container\" data-settings=\"{&quot;background_background&quot;:&quot;classic&quot;}\">\n\t\t\t\t\t<div class=\"e-con-inner\">\n\t\t<div class=\"elementor-element elementor-element-e6150a2 e-con-full e-flex e-con e-child\" data-id=\"e6150a2\" data-element_type=\"container\" data-e-type=\"container\">\n\t\t\t\t<div class=\"elementor-element elementor-element-9b85f4b elementor-invisible elementor-widget elementor-widget-image\" data-id=\"9b85f4b\" data-element_type=\"widget\" data-e-type=\"widget\" data-settings=\"{&quot;_animation&quot;:&quot;fadeInLeft&quot;}\" data-widget_type=\"image.default\">\n\t\t\t\t<div class=\"elementor-widget-container\">\n\t\t\t\t\t\t\t\t\t\t\t\t\t\t\t<img fetchpriority=\"high\" decoding=\"async\" width=\"860\" height=\"1280\" src=\"https:\/\/www.activegeiranger.no\/wp-content\/uploads\/2023\/11\/active-geiranger-kayak-8.jpg\" class=\"attachment-full size-full wp-image-4404\" alt=\"\" srcset=\"https:\/\/www.activegeiranger.no\/wp-content\/uploads\/2023\/11\/active-geiranger-kayak-8.jpg 860w, https:\/\/www.activegeiranger.no\/wp-content\/uploads\/2023\/11\/active-geiranger-kayak-8-202x300.jpg 202w, https:\/\/www.activegeiranger.no\/wp-content\/uploads\/2023\/11\/active-geiranger-kayak-8-688x1024.jpg 688w, https:\/\/www.activegeiranger.no\/wp-content\/uploads\/2023\/11\/active-geiranger-kayak-8-768x1143.jpg 768w\" sizes=\"(max-width: 860px) 100vw, 860px\" \/>\t\t\t\t\t\t\t\t\t\t\t\t\t\t\t<\/div>\n\t\t\t\t<\/div>\n\t\t\t\t<\/div>\n\t\t<div class=\"elementor-element elementor-element-96bd502 e-con-full e-flex e-con e-child\" data-id=\"96bd502\" data-element_type=\"container\" data-e-type=\"container\">\n\t\t\t\t<div class=\"elementor-element elementor-element-a3059cc elementor-widget-tablet__width-inherit elementor-widget elementor-widget-heading\" data-id=\"a3059cc\" data-element_type=\"widget\" data-e-type=\"widget\" data-widget_type=\"heading.default\">\n\t\t\t\t<div class=\"elementor-widget-container\">\n\t\t\t\t\t<h2 class=\"elementor-heading-title elementor-size-default\">Join us on the fjord<\/h2>\t\t\t\t<\/div>\n\t\t\t\t<\/div>\n\t\t\t\t<div class=\"elementor-element elementor-element-1707dfc elementor-widget elementor-widget-text-editor\" data-id=\"1707dfc\" data-element_type=\"widget\" data-e-type=\"widget\" data-widget_type=\"text-editor.default\">\n\t\t\t\t<div class=\"elementor-widget-container\">\n\t\t\t\t\t\t\t\t\t<p data-start=\"106\" data-end=\"335\">Active Geiranger wants to create active holiday memories in the heart of Geiranger. We offer\u00a0<a href=\"https:\/\/www.activegeiranger.no\/en\/kayak-rental\/\">kayak rental<\/a>\u00a0and\u00a0<a href=\"https:\/\/www.activegeiranger.no\/en\/guided-kayak-tours\/\">guided kayak tours<\/a>\u00a0which gives you a safe and easy way to unforgettable experiences on the UNESCO-listed Geirangerfjord.<\/p><p data-start=\"106\" data-end=\"335\">Our base is at the reception\u00a0<a href=\"https:\/\/www.grande-hytteutleige.no\/\" target=\"_blank\" rel=\"noopener\">Grande Hytteutleige and Camping<\/a>, only 2 kilometers from Geiranger center\/harbor \u2013 easily accessible on foot or by car.<\/p>\t\t\t\t\t\t\t\t<\/div>\n\t\t\t\t<\/div>\n\t\t\t\t<\/div>\n\t\t\t\t\t<\/div>\n\t\t\t\t<\/div>\n\t\t<div class=\"elementor-element elementor-element-4ec09b1 e-flex e-con-boxed e-con e-parent\" data-id=\"4ec09b1\" data-element_type=\"container\" data-e-type=\"container\" data-settings=\"{&quot;background_background&quot;:&quot;classic&quot;}\">\n\t\t\t\t\t<div class=\"e-con-inner\">\n\t\t\t\t<div class=\"elementor-element elementor-element-481e3a0 elementor-invisible elementor-widget elementor-widget-heading\" data-id=\"481e3a0\" data-element_type=\"widget\" data-e-type=\"widget\" data-settings=\"{&quot;_animation&quot;:&quot;pulse&quot;}\" data-widget_type=\"heading.default\">\n\t\t\t\t<div class=\"elementor-widget-container\">\n\t\t\t\t\t<h2 class=\"elementor-heading-title elementor-size-default\">We have a passion for active experiences in Geiranger \u26f0<\/h2>\t\t\t\t<\/div>\n\t\t\t\t<\/div>\n\t\t\t\t\t<\/div>\n\t\t\t\t<\/div>\n\t\t<div class=\"elementor-element elementor-element-aac19e2 e-flex e-con-boxed e-con e-parent\" data-id=\"aac19e2\" data-element_type=\"container\" data-e-type=\"container\" data-settings=\"{&quot;background_background&quot;:&quot;classic&quot;}\">\n\t\t\t\t\t<div class=\"e-con-inner\">\n\t\t<div class=\"elementor-element elementor-element-1f7f824 e-con-full e-flex e-con e-child\" data-id=\"1f7f824\" data-element_type=\"container\" data-e-type=\"container\">\n\t\t\t\t<div class=\"elementor-element elementor-element-8a22b56 elementor-widget elementor-widget-heading\" data-id=\"8a22b56\" data-element_type=\"widget\" data-e-type=\"widget\" data-widget_type=\"heading.default\">\n\t\t\t\t<div class=\"elementor-widget-container\">\n\t\t\t\t\t<h2 class=\"elementor-heading-title elementor-size-default\">Experience something special<\/h2>\t\t\t\t<\/div>\n\t\t\t\t<\/div>\n\t\t\t\t<div class=\"elementor-element elementor-element-70b1a4d elementor-widget elementor-widget-text-editor\" data-id=\"70b1a4d\" data-element_type=\"widget\" data-e-type=\"widget\" data-widget_type=\"text-editor.default\">\n\t\t\t\t<div class=\"elementor-widget-container\">\n\t\t\t\t\t\t\t\t\t<p>We are passionate about sharing the joy of it <strong>active<\/strong> outdoor activities. Explore the fjord on your own with our reliable kayaks, or join guided tours and discover <strong>hidden gems<\/strong> along the coast. With us, it&#039;s more than just rental \u2013 it&#039;s an invitation to create your own <strong>adventure<\/strong>.<\/p><p>Share our passion for the Geirangerfjord. Join Active Geiranger for unforgettable moments at one of Norway's most iconic <strong>natural pearls<\/strong>!<\/p>\t\t\t\t\t\t\t\t<\/div>\n\t\t\t\t<\/div>\n\t\t\t\t<\/div>\n\t\t<div class=\"elementor-element elementor-element-07afb6e e-con-full e-flex e-con e-child\" data-id=\"07afb6e\" data-element_type=\"container\" data-e-type=\"container\">\n\t\t\t\t<div class=\"elementor-element elementor-element-83930a5 elementor-invisible elementor-widget elementor-widget-image\" data-id=\"83930a5\" data-element_type=\"widget\" data-e-type=\"widget\" data-settings=\"{&quot;_animation&quot;:&quot;fadeInRight&quot;}\" data-widget_type=\"image.default\">\n\t\t\t\t<div class=\"elementor-widget-container\">\n\t\t\t\t\t\t\t\t\t\t\t\t\t\t\t<img decoding=\"async\" width=\"860\" height=\"1280\" src=\"https:\/\/www.activegeiranger.no\/wp-content\/uploads\/2023\/11\/active-geiranger-kayak-7.jpg\" class=\"attachment-full size-full wp-image-4403\" alt=\"\" srcset=\"https:\/\/www.activegeiranger.no\/wp-content\/uploads\/2023\/11\/active-geiranger-kayak-7.jpg 860w, https:\/\/www.activegeiranger.no\/wp-content\/uploads\/2023\/11\/active-geiranger-kayak-7-202x300.jpg 202w, https:\/\/www.activegeiranger.no\/wp-content\/uploads\/2023\/11\/active-geiranger-kayak-7-688x1024.jpg 688w, https:\/\/www.activegeiranger.no\/wp-content\/uploads\/2023\/11\/active-geiranger-kayak-7-768x1143.jpg 768w\" sizes=\"(max-width: 860px) 100vw, 860px\" \/>\t\t\t\t\t\t\t\t\t\t\t\t\t\t\t<\/div>\n\t\t\t\t<\/div>\n\t\t\t\t<\/div>\n\t\t\t\t\t<\/div>\n\t\t\t\t<\/div>\n\t\t<div class=\"elementor-element elementor-element-b3d3aca e-flex e-con-boxed e-con e-parent\" data-id=\"b3d3aca\" data-element_type=\"container\" data-e-type=\"container\" data-settings=\"{&quot;background_background&quot;:&quot;classic&quot;}\">\n\t\t\t\t\t<div class=\"e-con-inner\">\n\t\t\t\t<div class=\"elementor-element elementor-element-9e5d64b elementor-invisible elementor-widget elementor-widget-heading\" data-id=\"9e5d64b\" data-element_type=\"widget\" data-e-type=\"widget\" data-settings=\"{&quot;_animation&quot;:&quot;fadeIn&quot;}\" data-widget_type=\"heading.default\">\n\t\t\t\t<div class=\"elementor-widget-container\">\n\t\t\t\t\t<h2 class=\"elementor-heading-title elementor-size-default\">Contact us today for a pleasant, no-obligation conversation!<\/h2>\t\t\t\t<\/div>\n\t\t\t\t<\/div>\n\t\t\t\t<div class=\"elementor-element elementor-element-3b4770f elementor-align-center elementor-invisible elementor-widget elementor-widget-button\" data-id=\"3b4770f\" data-element_type=\"widget\" data-e-type=\"widget\" data-settings=\"{&quot;_animation&quot;:&quot;fadeInUp&quot;}\" data-widget_type=\"button.default\">\n\t\t\t\t<div class=\"elementor-widget-container\">\n\t\t\t\t\t\t\t\t\t<div class=\"elementor-button-wrapper\">\n\t\t\t\t\t<a class=\"elementor-button elementor-button-link elementor-size-sm\" href=\"https:\/\/www.activegeiranger.no\/en\/contact-us\/\">\n\t\t\t\t\t\t<span class=\"elementor-button-content-wrapper\">\n\t\t\t\t\t\t\t\t\t<span class=\"elementor-button-text\">Contact Us<\/span>\n\t\t\t\t\t<\/span>\n\t\t\t\t\t<\/a>\n\t\t\t\t<\/div>\n\t\t\t\t\t\t\t\t<\/div>\n\t\t\t\t<\/div>\n\t\t\t\t\t<\/div>\n\t\t\t\t<\/div>\n\t\t\t\t<\/div>","protected":false},"excerpt":{"rendered":"<p>About us Join the fjord with us Active Geiranger wants to create active holiday memories in the heart of Geiranger. We offer kayak rentals and guided kayak tours that give you a safe and easy way to unforgettable experiences on the UNESCO-listed Geirangerfjord. Our base is located at the reception of Grande Hytteutleige og Camping, only 2 kilometers from Geiranger center\/harbor \u2013 easily accessible to [\u2026]<\/p>","protected":false},"author":1,"featured_media":0,"parent":0,"menu_order":0,"comment_status":"closed","ping_status":"closed","template":"","meta":{"_acf_changed":false,"site-sidebar-layout":"no-sidebar","site-content-layout":"page-builder","ast-site-content-layout":"full-width-container","site-content-style":"unboxed","site-sidebar-style":"unboxed","ast-global-header-display":"","ast-banner-title-visibility":"","ast-main-header-display":"","ast-hfb-above-header-display":"","ast-hfb-below-header-display":"","ast-hfb-mobile-header-display":"","site-post-title":"disabled","ast-breadcrumbs-content":"","ast-featured-img":"disabled","footer-sml-layout":"","ast-disable-related-posts":"","theme-transparent-header-meta":"enabled","adv-header-id-meta":"","stick-header-meta":"","header-above-stick-meta":"","header-main-stick-meta":"","header-below-stick-meta":"","astra-migrate-meta-layouts":"set","ast-page-background-enabled":"default","ast-page-background-meta":{"desktop":{"background-color":"var(--ast-global-color-4)","background-image":"","background-repeat":"repeat","background-position":"center center","background-size":"auto","background-attachment":"scroll","background-type":"","background-media":"","overlay-type":"","overlay-color":"","overlay-opacity":"","overlay-gradient":""},"tablet":{"background-color":"","background-image":"","background-repeat":"repeat","background-position":"center center","background-size":"auto","background-attachment":"scroll","background-type":"","background-media":"","overlay-type":"","overlay-color":"","overlay-opacity":"","overlay-gradient":""},"mobile":{"background-color":"","background-image":"","background-repeat":"repeat","background-position":"center center","background-size":"auto","background-attachment":"scroll","background-type":"","background-media":"","overlay-type":"","overlay-color":"","overlay-opacity":"","overlay-gradient":""}},"ast-content-background-meta":{"desktop":{"background-color":"var(--ast-global-color-5)","background-image":"","background-repeat":"repeat","background-position":"center center","background-size":"auto","background-attachment":"scroll","background-type":"","background-media":"","overlay-type":"","overlay-color":"","overlay-opacity":"","overlay-gradient":""},"tablet":{"background-color":"var(--ast-global-color-5)","background-image":"","background-repeat":"repeat","background-position":"center center","background-size":"auto","background-attachment":"scroll","background-type":"","background-media":"","overlay-type":"","overlay-color":"","overlay-opacity":"","overlay-gradient":""},"mobile":{"background-color":"var(--ast-global-color-5)","background-image":"","background-repeat":"repeat","background-position":"center center","background-size":"auto","background-attachment":"scroll","background-type":"","background-media":"","overlay-type":"","overlay-color":"","overlay-opacity":"","overlay-gradient":""}},"footnotes":""},"class_list":["post-1318","page","type-page","status-publish","hentry"],"acf":[],"yoast_head":"<!-- This site is optimized with the Yoast SEO Premium plugin v23.6 (Yoast SEO v27.2) - https:\/\/yoast.com\/product\/yoast-seo-premium-wordpress\/ -->\n<title>Om oss - Active Geiranger<\/title>\n<meta name=\"description\" content=\"Active Geiranger \u00f8nsker \u00e5 skape aktive ferieminner i hjertet av Geiranger. Vi tilbyr utleie av motorb\u00e5ter og kajakker for minneverdige opplevelser p\u00e5 Geirangerfjorden.\" \/>\n<meta name=\"robots\" content=\"index, follow, max-snippet:-1, max-image-preview:large, max-video-preview:-1\" \/>\n<link rel=\"canonical\" href=\"https:\/\/www.activegeiranger.no\/en\/about-us\/\" \/>\n<meta property=\"og:locale\" content=\"en_GB\" \/>\n<meta property=\"og:type\" content=\"article\" \/>\n<meta property=\"og:title\" content=\"Om oss\" \/>\n<meta property=\"og:description\" content=\"Active Geiranger \u00f8nsker \u00e5 skape aktive ferieminner i hjertet av Geiranger. Vi tilbyr utleie av motorb\u00e5ter og kajakker for minneverdige opplevelser p\u00e5 Geirangerfjorden.\" \/>\n<meta property=\"og:url\" content=\"https:\/\/www.activegeiranger.no\/en\/about-us\/\" \/>\n<meta property=\"og:site_name\" content=\"Active Geiranger\" \/>\n<meta property=\"article:publisher\" content=\"https:\/\/www.facebook.com\/ActiveGeiranger\/\" \/>\n<meta property=\"article:modified_time\" content=\"2025-06-15T13:49:48+00:00\" \/>\n<meta property=\"og:image\" content=\"https:\/\/www.activegeiranger.no\/wp-content\/uploads\/2023\/11\/active-geiranger-kayak-8.jpg\" \/>\n\t<meta property=\"og:image:width\" content=\"860\" \/>\n\t<meta property=\"og:image:height\" content=\"1280\" \/>\n\t<meta property=\"og:image:type\" content=\"image\/jpeg\" \/>\n<meta name=\"twitter:card\" content=\"summary_large_image\" \/>\n<meta name=\"twitter:label1\" content=\"Estimated reading time\" \/>\n\t<meta name=\"twitter:data1\" content=\"2 minutes\" \/>\n<script type=\"application\/ld+json\" class=\"yoast-schema-graph\">{\"@context\":\"https:\/\/schema.org\",\"@graph\":[{\"@type\":\"WebPage\",\"@id\":\"https:\/\/www.activegeiranger.no\/om-oss\/\",\"url\":\"https:\/\/www.activegeiranger.no\/om-oss\/\",\"name\":\"Om oss - Active Geiranger\",\"isPartOf\":{\"@id\":\"https:\/\/www.activegeiranger.no\/#website\"},\"primaryImageOfPage\":{\"@id\":\"https:\/\/www.activegeiranger.no\/om-oss\/#primaryimage\"},\"image\":{\"@id\":\"https:\/\/www.activegeiranger.no\/om-oss\/#primaryimage\"},\"thumbnailUrl\":\"https:\/\/www.activegeiranger.no\/wp-content\/uploads\/2023\/11\/active-geiranger-kayak-8.jpg\",\"datePublished\":\"2021-11-21T15:14:19+00:00\",\"dateModified\":\"2025-06-15T13:49:48+00:00\",\"description\":\"Active Geiranger \u00f8nsker \u00e5 skape aktive ferieminner i hjertet av Geiranger. Vi tilbyr utleie av motorb\u00e5ter og kajakker for minneverdige opplevelser p\u00e5 Geirangerfjorden.\",\"breadcrumb\":{\"@id\":\"https:\/\/www.activegeiranger.no\/om-oss\/#breadcrumb\"},\"inLanguage\":\"en-GB\",\"potentialAction\":[{\"@type\":\"ReadAction\",\"target\":[\"https:\/\/www.activegeiranger.no\/om-oss\/\"]}]},{\"@type\":\"ImageObject\",\"inLanguage\":\"en-GB\",\"@id\":\"https:\/\/www.activegeiranger.no\/om-oss\/#primaryimage\",\"url\":\"https:\/\/www.activegeiranger.no\/wp-content\/uploads\/2023\/11\/active-geiranger-kayak-8.jpg\",\"contentUrl\":\"https:\/\/www.activegeiranger.no\/wp-content\/uploads\/2023\/11\/active-geiranger-kayak-8.jpg\"},{\"@type\":\"BreadcrumbList\",\"@id\":\"https:\/\/www.activegeiranger.no\/om-oss\/#breadcrumb\",\"itemListElement\":[{\"@type\":\"ListItem\",\"position\":1,\"name\":\"Hjem\",\"item\":\"https:\/\/www.activegeiranger.no\/\"},{\"@type\":\"ListItem\",\"position\":2,\"name\":\"Om oss\"}]},{\"@type\":\"WebSite\",\"@id\":\"https:\/\/www.activegeiranger.no\/#website\",\"url\":\"https:\/\/www.activegeiranger.no\/\",\"name\":\"Active Geiranger\",\"description\":\"\",\"publisher\":{\"@id\":\"https:\/\/www.activegeiranger.no\/#organization\"},\"potentialAction\":[{\"@type\":\"SearchAction\",\"target\":{\"@type\":\"EntryPoint\",\"urlTemplate\":\"https:\/\/www.activegeiranger.no\/?s={search_term_string}\"},\"query-input\":{\"@type\":\"PropertyValueSpecification\",\"valueRequired\":true,\"valueName\":\"search_term_string\"}}],\"inLanguage\":\"en-GB\"},{\"@type\":\"Organization\",\"@id\":\"https:\/\/www.activegeiranger.no\/#organization\",\"name\":\"Active Geiranger\",\"url\":\"https:\/\/www.activegeiranger.no\/\",\"logo\":{\"@type\":\"ImageObject\",\"inLanguage\":\"en-GB\",\"@id\":\"https:\/\/www.activegeiranger.no\/#\/schema\/logo\/image\/\",\"url\":\"https:\/\/www.activegeiranger.no\/wp-content\/uploads\/2023\/12\/active-geiranger-kayak-logo.png\",\"contentUrl\":\"https:\/\/www.activegeiranger.no\/wp-content\/uploads\/2023\/12\/active-geiranger-kayak-logo.png\",\"width\":1000,\"height\":1000,\"caption\":\"Active Geiranger\"},\"image\":{\"@id\":\"https:\/\/www.activegeiranger.no\/#\/schema\/logo\/image\/\"},\"sameAs\":[\"https:\/\/www.facebook.com\/ActiveGeiranger\/\",\"https:\/\/www.instagram.com\/activegeiranger\/\"]}]}<\/script>\n<!-- \/ Yoast SEO Premium plugin. -->","yoast_head_json":{"title":"Om oss - Active Geiranger","description":"Active Geiranger \u00f8nsker \u00e5 skape aktive ferieminner i hjertet av Geiranger. Vi tilbyr utleie av motorb\u00e5ter og kajakker for minneverdige opplevelser p\u00e5 Geirangerfjorden.","robots":{"index":"index","follow":"follow","max-snippet":"max-snippet:-1","max-image-preview":"max-image-preview:large","max-video-preview":"max-video-preview:-1"},"canonical":"https:\/\/www.activegeiranger.no\/en\/about-us\/","og_locale":"en_GB","og_type":"article","og_title":"Om oss","og_description":"Active Geiranger \u00f8nsker \u00e5 skape aktive ferieminner i hjertet av Geiranger. Vi tilbyr utleie av motorb\u00e5ter og kajakker for minneverdige opplevelser p\u00e5 Geirangerfjorden.","og_url":"https:\/\/www.activegeiranger.no\/en\/about-us\/","og_site_name":"Active Geiranger","article_publisher":"https:\/\/www.facebook.com\/ActiveGeiranger\/","article_modified_time":"2025-06-15T13:49:48+00:00","og_image":[{"width":860,"height":1280,"url":"https:\/\/www.activegeiranger.no\/wp-content\/uploads\/2023\/11\/active-geiranger-kayak-8.jpg","type":"image\/jpeg"}],"twitter_card":"summary_large_image","twitter_misc":{"Estimated reading time":"2 minutes"},"schema":{"@context":"https:\/\/schema.org","@graph":[{"@type":"WebPage","@id":"https:\/\/www.activegeiranger.no\/om-oss\/","url":"https:\/\/www.activegeiranger.no\/om-oss\/","name":"Om oss - Active Geiranger","isPartOf":{"@id":"https:\/\/www.activegeiranger.no\/#website"},"primaryImageOfPage":{"@id":"https:\/\/www.activegeiranger.no\/om-oss\/#primaryimage"},"image":{"@id":"https:\/\/www.activegeiranger.no\/om-oss\/#primaryimage"},"thumbnailUrl":"https:\/\/www.activegeiranger.no\/wp-content\/uploads\/2023\/11\/active-geiranger-kayak-8.jpg","datePublished":"2021-11-21T15:14:19+00:00","dateModified":"2025-06-15T13:49:48+00:00","description":"Active Geiranger \u00f8nsker \u00e5 skape aktive ferieminner i hjertet av Geiranger. Vi tilbyr utleie av motorb\u00e5ter og kajakker for minneverdige opplevelser p\u00e5 Geirangerfjorden.","breadcrumb":{"@id":"https:\/\/www.activegeiranger.no\/om-oss\/#breadcrumb"},"inLanguage":"en-GB","potentialAction":[{"@type":"ReadAction","target":["https:\/\/www.activegeiranger.no\/om-oss\/"]}]},{"@type":"ImageObject","inLanguage":"en-GB","@id":"https:\/\/www.activegeiranger.no\/om-oss\/#primaryimage","url":"https:\/\/www.activegeiranger.no\/wp-content\/uploads\/2023\/11\/active-geiranger-kayak-8.jpg","contentUrl":"https:\/\/www.activegeiranger.no\/wp-content\/uploads\/2023\/11\/active-geiranger-kayak-8.jpg"},{"@type":"BreadcrumbList","@id":"https:\/\/www.activegeiranger.no\/om-oss\/#breadcrumb","itemListElement":[{"@type":"ListItem","position":1,"name":"Hjem","item":"https:\/\/www.activegeiranger.no\/"},{"@type":"ListItem","position":2,"name":"Om oss"}]},{"@type":"WebSite","@id":"https:\/\/www.activegeiranger.no\/#website","url":"https:\/\/www.activegeiranger.no\/","name":"Active Geiranger","description":"","publisher":{"@id":"https:\/\/www.activegeiranger.no\/#organization"},"potentialAction":[{"@type":"SearchAction","target":{"@type":"EntryPoint","urlTemplate":"https:\/\/www.activegeiranger.no\/?s={search_term_string}"},"query-input":{"@type":"PropertyValueSpecification","valueRequired":true,"valueName":"search_term_string"}}],"inLanguage":"en-GB"},{"@type":"Organization","@id":"https:\/\/www.activegeiranger.no\/#organization","name":"Active Geiranger","url":"https:\/\/www.activegeiranger.no\/","logo":{"@type":"ImageObject","inLanguage":"en-GB","@id":"https:\/\/www.activegeiranger.no\/#\/schema\/logo\/image\/","url":"https:\/\/www.activegeiranger.no\/wp-content\/uploads\/2023\/12\/active-geiranger-kayak-logo.png","contentUrl":"https:\/\/www.activegeiranger.no\/wp-content\/uploads\/2023\/12\/active-geiranger-kayak-logo.png","width":1000,"height":1000,"caption":"Active Geiranger"},"image":{"@id":"https:\/\/www.activegeiranger.no\/#\/schema\/logo\/image\/"},"sameAs":["https:\/\/www.facebook.com\/ActiveGeiranger\/","https:\/\/www.instagram.com\/activegeiranger\/"]}]}},"_links":{"self":[{"href":"https:\/\/www.activegeiranger.no\/en\/wp-json\/wp\/v2\/pages\/1318","targetHints":{"allow":["GET"]}}],"collection":[{"href":"https:\/\/www.activegeiranger.no\/en\/wp-json\/wp\/v2\/pages"}],"about":[{"href":"https:\/\/www.activegeiranger.no\/en\/wp-json\/wp\/v2\/types\/page"}],"author":[{"embeddable":true,"href":"https:\/\/www.activegeiranger.no\/en\/wp-json\/wp\/v2\/users\/1"}],"replies":[{"embeddable":true,"href":"https:\/\/www.activegeiranger.no\/en\/wp-json\/wp\/v2\/comments?post=1318"}],"version-history":[{"count":33,"href":"https:\/\/www.activegeiranger.no\/en\/wp-json\/wp\/v2\/pages\/1318\/revisions"}],"predecessor-version":[{"id":5217,"href":"https:\/\/www.activegeiranger.no\/en\/wp-json\/wp\/v2\/pages\/1318\/revisions\/5217"}],"wp:attachment":[{"href":"https:\/\/www.activegeiranger.no\/en\/wp-json\/wp\/v2\/media?parent=1318"}],"curies":[{"name":"wp","href":"https:\/\/api.w.org\/{rel}","templated":true}]}}